{"id":24,"date":"2023-09-07T01:59:04","date_gmt":"2023-09-06T23:59:04","guid":{"rendered":"https:\/\/ing.webd3sign.com\/?page_id=24"},"modified":"2025-02-25T03:45:00","modified_gmt":"2025-02-25T02:45:00","slug":"nosotros","status":"publish","type":"page","link":"https:\/\/ing.webd3sign.com\/index.php\/nosotros\/","title":{"rendered":"Nosotros"},"content":{"rendered":"\t\t<div data-elementor-type=\"wp-page\" data-elementor-id=\"24\" class=\"elementor elementor-24\" data-elementor-post-type=\"page\">\n\t\t\t\t\t\t<section class=\"elementor-section elementor-top-section elementor-element elementor-element-214e7c90 elementor-section-content-middle elementor-section-stretched elementor-section-full_width elementor-section-height-default elementor-section-height-default\" data-id=\"214e7c90\" data-element_type=\"section\" data-e-type=\"section\" data-settings=\"{&quot;background_background&quot;:&quot;classic&quot;,&quot;stretch_section&quot;:&quot;section-stretched&quot;}\">\n\t\t\t\t\t\t<div class=\"elementor-container elementor-column-gap-no\">\n\t\t\t\t\t<div class=\"elementor-column elementor-col-100 elementor-top-column elementor-element elementor-element-f1c6163\" data-id=\"f1c6163\" data-element_type=\"column\" data-e-type=\"column\" data-settings=\"{&quot;background_background&quot;:&quot;classic&quot;}\">\n\t\t\t<div class=\"elementor-widget-wrap elementor-element-populated\">\n\t\t\t\t\t\t<div class=\"elementor-element elementor-element-279fd97e elementor-widget elementor-widget-image\" data-id=\"279fd97e\" data-element_type=\"widget\" data-e-type=\"widget\" data-widget_type=\"image.default\">\n\t\t\t\t<div class=\"elementor-widget-container\">\n\t\t\t\t\t\t\t\t\t\t\t\t\t\t\t<img decoding=\"async\" src=\"https:\/\/ing.webd3sign.com\/wp-content\/uploads\/elementor\/thumbs\/pexels-photo-417273-r1y1brk1yp20bicqqtbo9m0f3qkwidba55ihlwh8yo.jpeg\" title=\"pexels-photo-417273.jpeg\" alt=\"pexels-photo-417273.jpeg\" loading=\"lazy\" \/>\t\t\t\t\t\t\t\t\t\t\t\t\t\t\t<\/div>\n\t\t\t\t<\/div>\n\t\t\t\t<section class=\"elementor-section elementor-inner-section elementor-element elementor-element-52a23346 elementor-section-boxed elementor-section-height-default elementor-section-height-default\" data-id=\"52a23346\" data-element_type=\"section\" data-e-type=\"section\">\n\t\t\t\t\t\t<div class=\"elementor-container elementor-column-gap-wider\">\n\t\t\t\t\t<div class=\"elementor-column elementor-col-100 elementor-inner-column elementor-element elementor-element-cf7c160\" data-id=\"cf7c160\" data-element_type=\"column\" data-e-type=\"column\" data-settings=\"{&quot;background_background&quot;:&quot;classic&quot;}\">\n\t\t\t<div class=\"elementor-widget-wrap elementor-element-populated\">\n\t\t\t\t\t\t<div class=\"elementor-element elementor-element-198a626d elementor-invisible elementor-widget elementor-widget-heading\" data-id=\"198a626d\" data-element_type=\"widget\" data-e-type=\"widget\" data-settings=\"{&quot;_animation&quot;:&quot;fadeIn&quot;}\" data-widget_type=\"heading.default\">\n\t\t\t\t<div class=\"elementor-widget-container\">\n\t\t\t\t\t<h2 class=\"elementor-heading-title elementor-size-xxl\">\u00bfQuienes Somos?<\/h2>\t\t\t\t<\/div>\n\t\t\t\t<\/div>\n\t\t\t\t<div class=\"elementor-element elementor-element-11b93ba9 elementor-widget-divider--view-line elementor-invisible elementor-widget elementor-widget-divider\" data-id=\"11b93ba9\" data-element_type=\"widget\" data-e-type=\"widget\" data-settings=\"{&quot;_animation&quot;:&quot;fadeInUp&quot;}\" data-widget_type=\"divider.default\">\n\t\t\t\t<div class=\"elementor-widget-container\">\n\t\t\t\t\t\t\t<div class=\"elementor-divider\">\n\t\t\t<span class=\"elementor-divider-separator\">\n\t\t\t\t\t\t<\/span>\n\t\t<\/div>\n\t\t\t\t\t\t<\/div>\n\t\t\t\t<\/div>\n\t\t\t\t<div class=\"elementor-element elementor-element-4c3b9a3f elementor-widget elementor-widget-text-editor\" data-id=\"4c3b9a3f\" data-element_type=\"widget\" data-e-type=\"widget\" data-widget_type=\"text-editor.default\">\n\t\t\t\t<div class=\"elementor-widget-container\">\n\t\t\t\t\t\t\t\t\t<p>En OMC Dise\u00f1o y Construcci\u00f3n, hemos acumulado m\u00e1s de una d\u00e9cada de experiencia en la industria de dise\u00f1o y construcci\u00f3n, lo que nos ha permitido perfeccionar nuestras habilidades y establecer un s\u00f3lido legado de excelencia. Durante estos a\u00f1os, hemos trabajado incansablemente en innumerables proyectos, desde residenciales hasta comerciales, siempre con un compromiso inquebrantable con la calidad y la satisfacci\u00f3n del cliente.\u00a0<\/p><p><span style=\"font-weight: var( --e-global-typography-text-font-weight );\">Lo que nos distingue es nuestro enfoque meticuloso y nuestra pasi\u00f3n por la excelencia en cada detalle. Cada proyecto que emprendemos es una oportunidad para demostrar nuestro compromiso con la perfecci\u00f3n y la innovaci\u00f3n. Nos enorgullece decir que nuestra cartera de proyectos exitosos habla por s\u00ed misma: desde espacios residenciales elegantes y funcionales hasta complejos comerciales de vanguardia, cada proyecto lleva la huella distintiva de la calidad y el cuidado que caracteriza a OMC Dise\u00f1o y Construcci\u00f3n.<\/span><\/p><p>Nuestro equipo de profesionales altamente calificados est\u00e1 compuesto por arquitectos, dise\u00f1adores, ingenieros y constructores con una pasi\u00f3n compartida por la creaci\u00f3n de espacios excepcionales. Trabajamos en estrecha colaboraci\u00f3n con nuestros clientes para comprender sus necesidades, deseos y visi\u00f3n \u00fanica. Luego, aplicamos nuestra experiencia y creatividad para dar vida a proyectos que superan las expectativas y reflejan la visi\u00f3n de nuestros clientes de la manera m\u00e1s v\u00edvida.<\/p><p>En OMC Dise\u00f1o y Construcci\u00f3n, no solo construimos estructuras, creamos experiencias. Cada proyecto es una oportunidad para transformar espacios en lugares de belleza, funcionalidad y comodidad. Nos enorgullece no solo cumplir con los m\u00e1s altos est\u00e1ndares de la industria, sino tambi\u00e9n superarlos constantemente.<\/p><p>Nuestra s\u00f3lida reputaci\u00f3n y la confianza que nuestros clientes depositan en nosotros son el resultado directo de nuestro compromiso inquebrantable con la calidad, la integridad y la satisfacci\u00f3n del cliente. Nos esforzamos por mantener esta herencia de excelencia en cada proyecto que asumimos.<\/p>\t\t\t\t\t\t\t\t<\/div>\n\t\t\t\t<\/div>\n\t\t\t\t<div class=\"elementor-element elementor-element-73654b14 elementor-align-center elementor-mobile-align-left elementor-invisible elementor-widget elementor-widget-button\" data-id=\"73654b14\" data-element_type=\"widget\" data-e-type=\"widget\" data-settings=\"{&quot;_animation&quot;:&quot;fadeInUp&quot;,&quot;_animation_delay&quot;:800}\" data-widget_type=\"button.default\">\n\t\t\t\t<div class=\"elementor-widget-container\">\n\t\t\t\t\t\t\t\t\t<div class=\"elementor-button-wrapper\">\n\t\t\t\t\t<a class=\"elementor-button elementor-button-link elementor-size-md elementor-animation-float\" href=\"https:\/\/ing.webd3sign.com\/index.php\/contacto\/\">\n\t\t\t\t\t\t<span class=\"elementor-button-content-wrapper\">\n\t\t\t\t\t\t<span class=\"elementor-button-icon\">\n\t\t\t\t<i aria-hidden=\"true\" class=\"fas fa-long-arrow-alt-right\"><\/i>\t\t\t<\/span>\n\t\t\t\t\t\t\t\t\t<span class=\"elementor-button-text\">Contactanos<\/span>\n\t\t\t\t\t<\/span>\n\t\t\t\t\t<\/a>\n\t\t\t\t<\/div>\n\t\t\t\t\t\t\t\t<\/div>\n\t\t\t\t<\/div>\n\t\t\t\t\t<\/div>\n\t\t<\/div>\n\t\t\t\t\t<\/div>\n\t\t<\/section>\n\t\t\t\t\t<\/div>\n\t\t<\/div>\n\t\t\t\t\t<\/div>\n\t\t<\/section>\n\t\t\t\t<section class=\"elementor-section elementor-top-section elementor-element elementor-element-4ea1ba11 elementor-section-full_width elementor-section-content-middle elementor-section-stretched elementor-section-height-default elementor-section-height-default\" data-id=\"4ea1ba11\" data-element_type=\"section\" data-e-type=\"section\" data-settings=\"{&quot;stretch_section&quot;:&quot;section-stretched&quot;,&quot;background_background&quot;:&quot;classic&quot;}\">\n\t\t\t\t\t\t<div class=\"elementor-container elementor-column-gap-no\">\n\t\t\t\t\t<div class=\"elementor-column elementor-col-100 elementor-top-column elementor-element elementor-element-405bdb4f\" data-id=\"405bdb4f\" data-element_type=\"column\" data-e-type=\"column\">\n\t\t\t<div class=\"elementor-widget-wrap elementor-element-populated\">\n\t\t\t\t\t\t<section class=\"elementor-section elementor-inner-section elementor-element elementor-element-25caa122 elementor-section-boxed elementor-section-height-default elementor-section-height-default\" data-id=\"25caa122\" data-element_type=\"section\" data-e-type=\"section\">\n\t\t\t\t\t\t<div class=\"elementor-container elementor-column-gap-default\">\n\t\t\t\t\t<div class=\"elementor-column elementor-col-50 elementor-inner-column elementor-element elementor-element-1e7b13a1\" data-id=\"1e7b13a1\" data-element_type=\"column\" data-e-type=\"column\">\n\t\t\t<div class=\"elementor-widget-wrap elementor-element-populated\">\n\t\t\t\t\t\t<div class=\"elementor-element elementor-element-17e67eb0 elementor-widget elementor-widget-image\" data-id=\"17e67eb0\" data-element_type=\"widget\" data-e-type=\"widget\" data-widget_type=\"image.default\">\n\t\t\t\t<div class=\"elementor-widget-container\">\n\t\t\t\t\t\t\t\t\t\t\t\t\t\t\t<img fetchpriority=\"high\" decoding=\"async\" width=\"800\" height=\"450\" src=\"https:\/\/ing.webd3sign.com\/wp-content\/uploads\/2023\/09\/interior-living-room-furniture-2685521-1024x576.jpg\" class=\"elementor-animation-hang attachment-large size-large wp-image-145\" alt=\"interior, living room, furniture-2685521.jpg\" srcset=\"https:\/\/ing.webd3sign.com\/wp-content\/uploads\/2023\/09\/interior-living-room-furniture-2685521-1024x576.jpg 1024w, https:\/\/ing.webd3sign.com\/wp-content\/uploads\/2023\/09\/interior-living-room-furniture-2685521-300x169.jpg 300w, https:\/\/ing.webd3sign.com\/wp-content\/uploads\/2023\/09\/interior-living-room-furniture-2685521-768x432.jpg 768w, https:\/\/ing.webd3sign.com\/wp-content\/uploads\/2023\/09\/interior-living-room-furniture-2685521.jpg 1280w\" sizes=\"(max-width: 800px) 100vw, 800px\" \/>\t\t\t\t\t\t\t\t\t\t\t\t\t\t\t<\/div>\n\t\t\t\t<\/div>\n\t\t\t\t\t<\/div>\n\t\t<\/div>\n\t\t\t\t<div class=\"elementor-column elementor-col-50 elementor-inner-column elementor-element elementor-element-605d7118\" data-id=\"605d7118\" data-element_type=\"column\" data-e-type=\"column\" data-settings=\"{&quot;background_background&quot;:&quot;classic&quot;}\">\n\t\t\t<div class=\"elementor-widget-wrap elementor-element-populated\">\n\t\t\t\t\t\t<div class=\"elementor-element elementor-element-31195303 elementor-widget elementor-widget-heading\" data-id=\"31195303\" data-element_type=\"widget\" data-e-type=\"widget\" data-widget_type=\"heading.default\">\n\t\t\t\t<div class=\"elementor-widget-container\">\n\t\t\t\t\t<h3 class=\"elementor-heading-title elementor-size-default\">Misi\u00f3n<\/h3>\t\t\t\t<\/div>\n\t\t\t\t<\/div>\n\t\t\t\t<div class=\"elementor-element elementor-element-701c07b elementor-widget elementor-widget-text-editor\" data-id=\"701c07b\" data-element_type=\"widget\" data-e-type=\"widget\" data-widget_type=\"text-editor.default\">\n\t\t\t\t<div class=\"elementor-widget-container\">\n\t\t\t\t\t\t\t\t\t<p>Nuestra misi\u00f3n en OMC Dise\u00f1o y Construcci\u00f3n es superar las expectativas de nuestros clientes al brindar soluciones integrales de dise\u00f1o y construcci\u00f3n que reflejen calidad, innovaci\u00f3n y compromiso. Con m\u00e1s de una d\u00e9cada de experiencia en la industria, nos enorgullece ofrecer espacios funcionales y est\u00e9ticamente atractivos, contribuyendo as\u00ed al bienestar y satisfacci\u00f3n de nuestros clientes.<\/p>\t\t\t\t\t\t\t\t<\/div>\n\t\t\t\t<\/div>\n\t\t\t\t\t<\/div>\n\t\t<\/div>\n\t\t\t\t\t<\/div>\n\t\t<\/section>\n\t\t\t\t<section class=\"elementor-section elementor-inner-section elementor-element elementor-element-4c17bfed elementor-reverse-mobile elementor-section-boxed elementor-section-height-default elementor-section-height-default\" data-id=\"4c17bfed\" data-element_type=\"section\" data-e-type=\"section\">\n\t\t\t\t\t\t<div class=\"elementor-container elementor-column-gap-default\">\n\t\t\t\t\t<div class=\"elementor-column elementor-col-50 elementor-inner-column elementor-element elementor-element-3869a802\" data-id=\"3869a802\" data-element_type=\"column\" data-e-type=\"column\" data-settings=\"{&quot;background_background&quot;:&quot;classic&quot;}\">\n\t\t\t<div class=\"elementor-widget-wrap elementor-element-populated\">\n\t\t\t\t\t\t<div class=\"elementor-element elementor-element-6ee7c267 elementor-widget elementor-widget-heading\" data-id=\"6ee7c267\" data-element_type=\"widget\" data-e-type=\"widget\" data-widget_type=\"heading.default\">\n\t\t\t\t<div class=\"elementor-widget-container\">\n\t\t\t\t\t<h3 class=\"elementor-heading-title elementor-size-default\">Visi\u00f3n<\/h3>\t\t\t\t<\/div>\n\t\t\t\t<\/div>\n\t\t\t\t<div class=\"elementor-element elementor-element-420f9144 elementor-widget elementor-widget-text-editor\" data-id=\"420f9144\" data-element_type=\"widget\" data-e-type=\"widget\" data-widget_type=\"text-editor.default\">\n\t\t\t\t<div class=\"elementor-widget-container\">\n\t\t\t\t\t\t\t\t\t<p>Nuestra visi\u00f3n en OMC Dise\u00f1o y Construcci\u00f3n es consolidarnos como l\u00edderes indiscutibles en la industria de dise\u00f1o y construcci\u00f3n, respaldados por una trayectoria de m\u00e1s de 10 a\u00f1os de excelencia y compromiso. Aspiramos a ser reconocidos a nivel nacional e internacional por nuestra experiencia probada, nuestra integridad empresarial y nuestra contribuci\u00f3n al desarrollo sostenible en cada comunidad en la que trabajamos.<\/p>\t\t\t\t\t\t\t\t<\/div>\n\t\t\t\t<\/div>\n\t\t\t\t\t<\/div>\n\t\t<\/div>\n\t\t\t\t<div class=\"elementor-column elementor-col-50 elementor-inner-column elementor-element elementor-element-4c6e6c71\" data-id=\"4c6e6c71\" data-element_type=\"column\" data-e-type=\"column\">\n\t\t\t<div class=\"elementor-widget-wrap elementor-element-populated\">\n\t\t\t\t\t\t<div class=\"elementor-element elementor-element-3c395796 elementor-widget elementor-widget-image\" data-id=\"3c395796\" data-element_type=\"widget\" data-e-type=\"widget\" data-widget_type=\"image.default\">\n\t\t\t\t<div class=\"elementor-widget-container\">\n\t\t\t\t\t\t\t\t\t\t\t\t\t\t\t<img decoding=\"async\" width=\"800\" height=\"533\" src=\"https:\/\/ing.webd3sign.com\/wp-content\/uploads\/2023\/09\/kitchen-interior-design-room-1940174-1024x682.jpg\" class=\"elementor-animation-hang attachment-large size-large wp-image-147\" alt=\"kitchen, interior design, room-1940174.jpg\" srcset=\"https:\/\/ing.webd3sign.com\/wp-content\/uploads\/2023\/09\/kitchen-interior-design-room-1940174-1024x682.jpg 1024w, https:\/\/ing.webd3sign.com\/wp-content\/uploads\/2023\/09\/kitchen-interior-design-room-1940174-300x200.jpg 300w, https:\/\/ing.webd3sign.com\/wp-content\/uploads\/2023\/09\/kitchen-interior-design-room-1940174-768x512.jpg 768w, https:\/\/ing.webd3sign.com\/wp-content\/uploads\/2023\/09\/kitchen-interior-design-room-1940174.jpg 1280w\" sizes=\"(max-width: 800px) 100vw, 800px\" \/>\t\t\t\t\t\t\t\t\t\t\t\t\t\t\t<\/div>\n\t\t\t\t<\/div>\n\t\t\t\t\t<\/div>\n\t\t<\/div>\n\t\t\t\t\t<\/div>\n\t\t<\/section>\n\t\t\t\t\t<\/div>\n\t\t<\/div>\n\t\t\t\t\t<\/div>\n\t\t<\/section>\n\t\t\t\t<\/div>\n\t\t","protected":false},"excerpt":{"rendered":"<p>\u00bfQuienes Somos? En OMC Dise\u00f1o y Construcci\u00f3n, hemos acumulado m\u00e1s de una d\u00e9cada de experiencia en la industria de dise\u00f1o y construcci\u00f3n, lo que nos ha permitido perfeccionar nuestras habilidades y establecer un s\u00f3lido legado de excelencia. Durante estos a\u00f1os, hemos trabajado incansablemente en innumerables proyectos, desde residenciales hasta comerciales, siempre con un compromiso inquebrantable [&hellip;]<\/p>\n","protected":false},"author":1,"featured_media":0,"parent":0,"menu_order":0,"comment_status":"closed","ping_status":"closed","template":"elementor_canvas","meta":{"footnotes":""},"class_list":["post-24","page","type-page","status-publish","hentry"],"_links":{"self":[{"href":"https:\/\/ing.webd3sign.com\/index.php\/wp-json\/wp\/v2\/pages\/24","targetHints":{"allow":["GET"]}}],"collection":[{"href":"https:\/\/ing.webd3sign.com\/index.php\/wp-json\/wp\/v2\/pages"}],"about":[{"href":"https:\/\/ing.webd3sign.com\/index.php\/wp-json\/wp\/v2\/types\/page"}],"author":[{"embeddable":true,"href":"https:\/\/ing.webd3sign.com\/index.php\/wp-json\/wp\/v2\/users\/1"}],"replies":[{"embeddable":true,"href":"https:\/\/ing.webd3sign.com\/index.php\/wp-json\/wp\/v2\/comments?post=24"}],"version-history":[{"count":64,"href":"https:\/\/ing.webd3sign.com\/index.php\/wp-json\/wp\/v2\/pages\/24\/revisions"}],"predecessor-version":[{"id":383,"href":"https:\/\/ing.webd3sign.com\/index.php\/wp-json\/wp\/v2\/pages\/24\/revisions\/383"}],"wp:attachment":[{"href":"https:\/\/ing.webd3sign.com\/index.php\/wp-json\/wp\/v2\/media?parent=24"}],"curies":[{"name":"wp","href":"https:\/\/api.w.org\/{rel}","templated":true}]}}